{"id":3934,"date":"2023-05-22T11:14:56","date_gmt":"2023-05-22T10:14:56","guid":{"rendered":"https:\/\/ereb.eu\/?page_id=3934"},"modified":"2023-05-22T11:17:13","modified_gmt":"2023-05-22T10:17:13","slug":"newsletter","status":"publish","type":"page","link":"https:\/\/ereb.eu\/fr\/newsletter\/","title":{"rendered":"Newsletter"},"content":{"rendered":"<h2 style=\"text-align: left; margin: 0;\">In Vivo, la newsletter d\u2019ereb<\/h2>\n<p style=\"text-align: left;\">Tous les 15 jours dans la newsletter d\u2019ereb:<\/p>\n<ul>\n<li><span style=\"font-weight: 400;\">Un t\u00e9moignage exclusif pour plonger dans l\u2019intimit\u00e9 de l\u2019actualit\u00e9 europ\u00e9enne<\/span><\/li>\n<li><span style=\"font-weight: 400;\">Des recommandations culturelles et une revue de presse avec les coups de c\u0153ur de la r\u00e9daction <\/span><\/li>\n<\/ul>\n<p><small style=\"text-align: left;\">En vous inscrivant, vous acceptez de recevoir les e\u2011mails d\u2019ereb. Vos donn\u00e9es seront trait\u00e9es par nos prestataires techniques. Vous pourrez vous d\u00e9sinscrire \u00e0 tout moment de nos envois par un simple clic.<\/small><\/p>\n<p style=\"text-align: center;\"><a class=\"btn\" style=\"background: #e53939; color: #fff;\" href=\"https:\/\/ereb.us1.list-manage.com\/subscribe?u=560460a64cef472498f963bbc&amp;id=d2dafc3567\" target=\"_blank\" rel=\"noopener\">S&#8217;inscrire<\/a><\/p>\n","protected":false},"excerpt":{"rendered":"<p>In Vivo, la newsletter d\u2019ereb Tous les 15 jours dans la newsletter d\u2019ereb: Un t\u00e9moignage exclusif pour plonger dans l\u2019intimit\u00e9 de l\u2019actualit\u00e9 europ\u00e9enne Des recommandations culturelles et une revue de presse avec les coups de c\u0153ur de la r\u00e9daction En vous inscrivant, vous acceptez de recevoir les e\u2011mails d\u2019ereb. Vos donn\u00e9es seront trait\u00e9es par nos [&hellip;]<\/p>\n","protected":false},"author":9,"featured_media":0,"parent":0,"menu_order":4,"comment_status":"closed","ping_status":"closed","template":"templates\/newsletters.php","meta":{"_acf_changed":false,"om_disable_all_campaigns":false,"_monsterinsights_skip_tracking":false,"_monsterinsights_sitenote_active":false,"_monsterinsights_sitenote_note":"","_monsterinsights_sitenote_category":0,"_uf_show_specific_survey":0,"_uf_disable_surveys":false,"footnotes":""},"class_list":["post-3934","page","type-page","status-publish","hentry"],"acf":[],"yoast_head":"<!-- This site is optimized with the Yoast SEO plugin v27.5 - https:\/\/yoast.com\/product\/yoast-seo-wordpress\/ -->\n<title>Newsletter - Ereb<\/title>\n<meta name=\"robots\" content=\"index, follow, max-snippet:-1, max-image-preview:large, max-video-preview:-1\" \/>\n<link rel=\"canonical\" href=\"https:\/\/ereb.eu\/fr\/newsletter\/\" \/>\n<meta property=\"og:locale\" content=\"fr_FR\" \/>\n<meta property=\"og:type\" content=\"article\" \/>\n<meta property=\"og:title\" content=\"Newsletter - Ereb\" \/>\n<meta property=\"og:description\" content=\"In Vivo, la newsletter d\u2019ereb Tous les 15 jours dans la newsletter d\u2019ereb: Un t\u00e9moignage exclusif pour plonger dans l\u2019intimit\u00e9 de l\u2019actualit\u00e9 europ\u00e9enne Des recommandations culturelles et une revue de presse avec les coups de c\u0153ur de la r\u00e9daction En vous inscrivant, vous acceptez de recevoir les e\u2011mails d\u2019ereb. Vos donn\u00e9es seront trait\u00e9es par nos [&hellip;]\" \/>\n<meta property=\"og:url\" content=\"https:\/\/ereb.eu\/fr\/newsletter\/\" \/>\n<meta property=\"og:site_name\" content=\"Ereb\" \/>\n<meta property=\"article:modified_time\" content=\"2023-05-22T10:17:13+00:00\" \/>\n<meta name=\"twitter:card\" content=\"summary_large_image\" \/>\n<meta name=\"twitter:label1\" content=\"Est. reading time\" \/>\n\t<meta name=\"twitter:data1\" content=\"1 minute\" \/>\n<script type=\"application\/ld+json\" class=\"yoast-schema-graph\">{\"@context\":\"https:\\\/\\\/schema.org\",\"@graph\":[{\"@type\":\"WebPage\",\"@id\":\"https:\\\/\\\/ereb.eu\\\/fr\\\/newsletter\\\/\",\"url\":\"https:\\\/\\\/ereb.eu\\\/fr\\\/newsletter\\\/\",\"name\":\"Newsletter - Ereb\",\"isPartOf\":{\"@id\":\"https:\\\/\\\/ereb.eu\\\/fr\\\/#website\"},\"datePublished\":\"2023-05-22T10:14:56+00:00\",\"dateModified\":\"2023-05-22T10:17:13+00:00\",\"breadcrumb\":{\"@id\":\"https:\\\/\\\/ereb.eu\\\/fr\\\/newsletter\\\/#breadcrumb\"},\"inLanguage\":\"fr-FR\",\"potentialAction\":[{\"@type\":\"ReadAction\",\"target\":[\"https:\\\/\\\/ereb.eu\\\/fr\\\/newsletter\\\/\"]}]},{\"@type\":\"BreadcrumbList\",\"@id\":\"https:\\\/\\\/ereb.eu\\\/fr\\\/newsletter\\\/#breadcrumb\",\"itemListElement\":[{\"@type\":\"ListItem\",\"position\":1,\"name\":\"Home\",\"item\":\"https:\\\/\\\/ereb.eu\\\/fr\\\/\"},{\"@type\":\"ListItem\",\"position\":2,\"name\":\"Newsletter\"}]},{\"@type\":\"WebSite\",\"@id\":\"https:\\\/\\\/ereb.eu\\\/fr\\\/#website\",\"url\":\"https:\\\/\\\/ereb.eu\\\/fr\\\/\",\"name\":\"Ereb\",\"description\":\"\",\"potentialAction\":[{\"@type\":\"SearchAction\",\"target\":{\"@type\":\"EntryPoint\",\"urlTemplate\":\"https:\\\/\\\/ereb.eu\\\/fr\\\/?s={search_term_string}\"},\"query-input\":{\"@type\":\"PropertyValueSpecification\",\"valueRequired\":true,\"valueName\":\"search_term_string\"}}],\"inLanguage\":\"fr-FR\"}]}<\/script>\n<!-- \/ Yoast SEO plugin. -->","yoast_head_json":{"title":"Newsletter - Ereb","robots":{"index":"index","follow":"follow","max-snippet":"max-snippet:-1","max-image-preview":"max-image-preview:large","max-video-preview":"max-video-preview:-1"},"canonical":"https:\/\/ereb.eu\/fr\/newsletter\/","og_locale":"fr_FR","og_type":"article","og_title":"Newsletter - Ereb","og_description":"In Vivo, la newsletter d\u2019ereb Tous les 15 jours dans la newsletter d\u2019ereb: Un t\u00e9moignage exclusif pour plonger dans l\u2019intimit\u00e9 de l\u2019actualit\u00e9 europ\u00e9enne Des recommandations culturelles et une revue de presse avec les coups de c\u0153ur de la r\u00e9daction En vous inscrivant, vous acceptez de recevoir les e\u2011mails d\u2019ereb. Vos donn\u00e9es seront trait\u00e9es par nos [&hellip;]","og_url":"https:\/\/ereb.eu\/fr\/newsletter\/","og_site_name":"Ereb","article_modified_time":"2023-05-22T10:17:13+00:00","twitter_card":"summary_large_image","twitter_misc":{"Est. reading time":"1 minute"},"schema":{"@context":"https:\/\/schema.org","@graph":[{"@type":"WebPage","@id":"https:\/\/ereb.eu\/fr\/newsletter\/","url":"https:\/\/ereb.eu\/fr\/newsletter\/","name":"Newsletter - Ereb","isPartOf":{"@id":"https:\/\/ereb.eu\/fr\/#website"},"datePublished":"2023-05-22T10:14:56+00:00","dateModified":"2023-05-22T10:17:13+00:00","breadcrumb":{"@id":"https:\/\/ereb.eu\/fr\/newsletter\/#breadcrumb"},"inLanguage":"fr-FR","potentialAction":[{"@type":"ReadAction","target":["https:\/\/ereb.eu\/fr\/newsletter\/"]}]},{"@type":"BreadcrumbList","@id":"https:\/\/ereb.eu\/fr\/newsletter\/#breadcrumb","itemListElement":[{"@type":"ListItem","position":1,"name":"Home","item":"https:\/\/ereb.eu\/fr\/"},{"@type":"ListItem","position":2,"name":"Newsletter"}]},{"@type":"WebSite","@id":"https:\/\/ereb.eu\/fr\/#website","url":"https:\/\/ereb.eu\/fr\/","name":"Ereb","description":"","potentialAction":[{"@type":"SearchAction","target":{"@type":"EntryPoint","urlTemplate":"https:\/\/ereb.eu\/fr\/?s={search_term_string}"},"query-input":{"@type":"PropertyValueSpecification","valueRequired":true,"valueName":"search_term_string"}}],"inLanguage":"fr-FR"}]}},"_links":{"self":[{"href":"https:\/\/ereb.eu\/fr\/wp-json\/wp\/v2\/pages\/3934","targetHints":{"allow":["GET"]}}],"collection":[{"href":"https:\/\/ereb.eu\/fr\/wp-json\/wp\/v2\/pages"}],"about":[{"href":"https:\/\/ereb.eu\/fr\/wp-json\/wp\/v2\/types\/page"}],"author":[{"embeddable":true,"href":"https:\/\/ereb.eu\/fr\/wp-json\/wp\/v2\/users\/9"}],"replies":[{"embeddable":true,"href":"https:\/\/ereb.eu\/fr\/wp-json\/wp\/v2\/comments?post=3934"}],"version-history":[{"count":1,"href":"https:\/\/ereb.eu\/fr\/wp-json\/wp\/v2\/pages\/3934\/revisions"}],"predecessor-version":[{"id":3935,"href":"https:\/\/ereb.eu\/fr\/wp-json\/wp\/v2\/pages\/3934\/revisions\/3935"}],"wp:attachment":[{"href":"https:\/\/ereb.eu\/fr\/wp-json\/wp\/v2\/media?parent=3934"}],"curies":[{"name":"wp","href":"https:\/\/api.w.org\/{rel}","templated":true}]}}