{"id":3925,"date":"2023-05-22T10:45:25","date_gmt":"2023-05-22T09:45:25","guid":{"rendered":"https:\/\/ereb.eu\/?page_id=3925"},"modified":"2024-06-06T18:14:58","modified_gmt":"2024-06-06T17:14:58","slug":"a-propos","status":"publish","type":"page","link":"https:\/\/ereb.eu\/fr\/a-propos\/","title":{"rendered":"\u00c0 propos"},"content":{"rendered":"<div class=\"column-content\">\n<h3>Croiser les regards et relier les destins, redessiner l\u2019Europe depuis le terrain.<\/h3>\n<p><i><span style=\"font-weight: 400;\">ereb<\/span><\/i><span style=\"font-weight: 400;\"> est le m\u00e9dia qui te plonge dans l\u2019intimit\u00e9 de notre continent. Pour explorer tous les recoins de ce nouveau monde, nous te proposons diff\u00e9rentes options : un <\/span><b>grand reportage<\/b><span style=\"font-weight: 400;\"> mensuel en mots et en photos, <\/span><span style=\"font-weight: 400;\">une <\/span><b>newslette<\/b><span style=\"font-weight: 400;\">r tr\u00e8s personnelle toutes les deux semaines, d\u2019autres \u00e9changes \u00e9pistolaires et rencontres anim\u00e9es tout au long de l\u2019ann\u00e9e.<\/span><\/p>\n<p><i><span style=\"font-weight: 400;\">ereb<\/span><\/i><span style=\"font-weight: 400;\"> d\u00e9fend un journalisme europ\u00e9en cross-border, engag\u00e9 et humain. Un <\/span><b>journalisme cross-border<\/b><span style=\"font-weight: 400;\">, c\u2019est un journalisme qui d\u00e9passe les fronti\u00e8res, fait travailler ensemble des reporters de diff\u00e9rentes nationalit\u00e9s et publie en trois langues, fran\u00e7ais, anglais et italien. Un <\/span><b>journalisme engag\u00e9<\/b><span style=\"font-weight: 400;\">, c\u2019est un journalisme qui pr\u00eate une attention toute particuli\u00e8re aux luttes sociales, \u00e0 l\u2019urgence climatique, aux qu\u00eates d\u2019identit\u00e9s et r\u00e9cits d\u2019exils, ces sujets qui animent notre continent et nous concernent toutes et tous. Un <\/span><b>journalisme qui se recentre sur l\u2019humain<\/b><span style=\"font-weight: 400;\">, c\u2019est un journalisme qui ne regarde pas de haut, prend le temps d\u2019aller sur le terrain, de s\u2019impr\u00e9gner du quotidien et fait remonter \u00e0 la surface de beaux r\u00e9cits incarn\u00e9s et de nouvelles voix \u00e0 \u00e9couter. C\u2019est un journalisme qui offre <\/span><b>une place centrale \u00e0 son audience<\/b><span style=\"font-weight: 400;\"> et l&#8217;inclut dans ses choix \u00e9ditoriaux.<\/span><\/p>\n<p style=\"text-align: center; margin-top: 30px;\"><i><span style=\"font-weight: 400;\">Nous t\u2019invitons \u00e0 lire notre <\/span><\/i><i><span style=\"font-weight: 400;\">manifeste<\/span><\/i><i><span style=\"font-weight: 400;\"> pour un journalisme europ\u00e9en plus humain<\/span><\/i><\/p>\n<p style=\"text-align: center;\"><a class=\"btn btn--red\" href=\"\/our-manifest\/\">Manifeste<\/a><\/p>\n<h3>Un m\u00e9dia et une communaut\u00e9<\/h3>\n<p>Depuis son lancement en 2021, ereb se d\u00e9veloppe gr\u00e2ce \u00e0 une communaut\u00e9 de lecteur.ice\u00b7s qui veulent s\u2019impliquer dans ce qu\u2019ils et elles lisent. D\u00e8s le d\u00e9but, nous avons \u00e9t\u00e9 soutenu.es et aiguill\u00e9.e\u00b7s dans nos d\u00e9cisions par celles et ceux que nous appelons nos membres et \u00e0 qui nous donnons une place centrale dans cette aventure journalistique. Chaque mois, ce sont elles et eux qui choisissent les reportages qui seront publi\u00e9s \u00e0 partir de trois sujets s\u00e9lectionn\u00e9s par notre r\u00e9daction. Devenir membre d\u2019ereb, c\u2019est donc faire partie d\u2019une communaut\u00e9 internationale de citoyen.nes ayant le pouvoir de mettre \u00e0 l\u2019agenda les sujets qui leur tiennent \u00e0 c\u0153ur, et le d\u00e9sir de confronter leurs points de vue et v\u00e9cu avec d\u2019autres personnes diss\u00e9min\u00e9es partout en Europe.<\/p>\n<p>En souscrivant \u00e0 notre membership :<\/p>\n<ul>\n<li>tu as acc\u00e8s \u00e0 un long reportage mensuel exclusif<\/li>\n<li>tu participes au choix des sujets<\/li>\n<li>tu peux \u00e9changer avec les journalistes et les autres membres d\u2019ereb<\/li>\n<li>tu peux participer aux trainings ereb<\/li>\n<li>tu re\u00e7ois une carte postale par trimestre qui fait le suivi des reportages<\/li>\n<li>tu peux rendre public un article qui te semble d\u2019int\u00e9r\u00eat public<\/li>\n<\/ul>\n<p>Pour d\u00e9couvrir toute l\u2019\u00e9tendue de notre offre et rejoindre l\u2019aventure, <a href=\"https:\/\/ereb.eu\/fr\/community\/\">c\u2019est par ici<\/a>.<\/p>\n<\/div>\n<p><!-- Team section--><\/p>\n<h3>Une \u00e9quipe sur tout le continent<\/h3>\n<p><i><span style=\"font-weight: 400;\">ereb<\/span><\/i><span style=\"font-weight: 400;\"> a \u00e9t\u00e9 cr\u00e9\u00e9 par d\u2019ancien.ne.s salari\u00e9.e.s et contributeur.euses de Caf\u00e9babel, le premier m\u00e9dia participatif europ\u00e9en. Aujourd\u2019hui, le m\u00e9dia vit gr\u00e2ce \u00e0 son r\u00e9seau de reporters install\u00e9\u00b7e\u00b7s aux quatre coins de l\u2019Europe et son \u00e9quipe permanente.<br \/>\n<\/span><\/p>\n<section class=\"ereb-team\"><!-- Team memeber--><\/p>\n<div class=\"team-member\">\n<div class=\"team-img\"><img decoding=\"async\" src=\"\/wp-content\/uploads\/2023\/05\/Graphic_Elements.png\" \/><\/div>\n<div class=\"team-bio\">\n<h4>H\u00e9l\u00e8ne Pillon<\/h4>\n<h6>Coordinatrice \u00e9ditoriale<\/h6>\n<p>Chez ereb, c\u2019est moi qui vous propose les prochains sujets pour que vous les choisissiez. C\u2019est aussi et surtout moi qui dialogue avec les reporters partout en Europe, les conseille et corrige leurs articles. Et c\u2019est encore moi qui discute avec les t\u00e9moins qui partagent un peu de leur intimit\u00e9 dans notre newsletter. J\u2019aime les belles histoires (pas celle d\u2019une blonde qui rentre dans un bar) et les bons titres autant que les grosses punchlines de rap ou les slogans de manifs.<\/p>\n<\/div>\n<\/div>\n<p><!-- Team memeber--><\/p>\n<div class=\"team-member\">\n<div class=\"team-img\"><img decoding=\"async\" src=\"\/wp-content\/uploads\/2023\/05\/Graphic_Elements.png\" \/><\/div>\n<div class=\"team-bio\">\n<h4>Francesca Festa<\/h4>\n<h6>Conseil en d\u00e9veloppement<\/h6>\n<p>Mon motto : il y a toujours des solutions. Il faut juste y croire avec un petit peu de folie et d&#8217;imagination ! Toujours dans la bonne humeur et en musique, car chanter fait du bien \u00e0 l&#8217;\u00e2me ! Traverser les fronti\u00e8res est pour moi un choix.<\/p>\n<p>&nbsp;<\/p>\n<\/div>\n<\/div>\n<p><!-- Team memeber--><\/p>\n<div class=\"team-member\">\n<div class=\"team-img\"><img decoding=\"async\" src=\"\/wp-content\/uploads\/2023\/05\/Graphic_Elements.png\" \/><\/div>\n<div class=\"team-bio\">\n<h4>Quentin Ari\u00e8s<\/h4>\n<h6>Editor at Large<\/h6>\n<p>Journaliste depuis une petite d\u00e9cennie \u00e0 Bruxelles, je suis un des fondateurs d\u2019ereb. Apr\u00e8s avoir couvert moultes crises europ\u00e9ennes, Grexit, Brexit, une pand\u00e9mie, la guerre contre l\u2019Ukraine, l\u2019urgence climatique, l\u2019\u00e9rosion de nos normes d\u00e9mocratiques, et tutti quanti, je veux \u00e9crire une nouvelle page du journalisme transfrontalier. Notre continent est mon terrain de jeu professionnel et personnel. Pour ereb, je d\u00e9veloppe notre programme d\u2019adh\u00e9sion (n\u2019h\u00e9sitez \u00e0 pas nous soutenir !) et nos produits \u00e9ditoriaux.<\/p>\n<\/div>\n<\/div>\n<p><!-- Team memeber--><\/p>\n<p><!-- Team memeber--><\/p>\n<div class=\"team-member\">\n<div class=\"team-bio\"><\/div>\n<\/div>\n<div class=\"team-member\">\n<div class=\"team-img\"><\/div>\n<\/div>\n<p><!-- Team memeber--><\/p>\n<p><!-- Team memeber--><\/p>\n<div class=\"team-member\">\n<div class=\"team-img\"><img decoding=\"async\" src=\"\/wp-content\/uploads\/2023\/05\/Graphic_Elements.png\" \/><\/div>\n<div class=\"team-bio\">\n<h4>Meredith Ruleman<\/h4>\n<h6>English translator<\/h6>\n<\/div>\n<\/div>\n<p><!-- Team memeber--><\/p>\n<div class=\"team-member\">\n<div class=\"team-img\"><img decoding=\"async\" src=\"\/wp-content\/uploads\/2023\/05\/Graphic_Elements.png\" \/><\/div>\n<div class=\"team-bio\">\n<h4>Marco Carlone<\/h4>\n<h6>Italian translator<\/h6>\n<\/div>\n<\/div>\n<\/section>\n<p><em>Et notre r\u00e9seaux de reporters: Alex King &#8211; Alexandros Katsis &#8211; Simone Benazzo &#8211; Marco Carlone &#8211; Elena Ledda &#8211; Gianluca Battista &#8211; Arshu John &#8211; Maria Matskevich &#8211; Serena Golden &#8211; Jean-Marc Caimi &#8211; Valentina Piccinni &#8211; Thomas Laffitte &#8211; Clara Marchaud &#8211; Valeria Mongelli &#8211; Davide Mancini &#8211; Thomas D\u00e9v\u00e9nyi &#8211; Alessia Capassso &#8211; \u00c9lise Gazengel &#8211; \u00c0ngel Garc\u00eda &#8211; Denis Vejas.<\/em><\/p>\n<h3>Transparent funding<\/h3>\n<p>ereb existe d\u2019abord gr\u00e2ce \u00e0 nos membres et pour nos membres. Impliquer nos lecteurs et lectrices dans le financement du m\u00e9dia est le meilleur moyen de garantir notre ind\u00e9pendance et perennit\u00e9. Cependant, cette source de financement n\u2019est pas suffisante pour couvrir toutes nos activit\u00e9s. Nous avons donc imagin\u00e9 un mod\u00e8le \u00e9conomique diversifi\u00e9 reposant sur l\u2019adh\u00e9sion de nos membres, des subventions publiques et priv\u00e9es et un studio de production. Nous publions tous nos financements et leur utilisation sur cette page, r\u00e9guli\u00e8rement mise \u00e0 jour.<\/p>\n<p>&nbsp;<\/p>\n<p>&nbsp;<\/p>\n<p>&nbsp;<\/p>\n<div id=\"ConnectiveDocSignExtentionInstalled\" data-extension-version=\"1.0.4\"><\/div>\n<p>&nbsp;<\/p>\n","protected":false},"excerpt":{"rendered":"<p>Croiser les regards et relier les destins, redessiner l\u2019Europe depuis le terrain. ereb est le m\u00e9dia qui te plonge dans l\u2019intimit\u00e9 de notre continent. Pour explorer tous les recoins de ce nouveau monde, nous te proposons diff\u00e9rentes options : un grand reportage mensuel en mots et en photos, une newsletter tr\u00e8s personnelle toutes les deux [&hellip;]<\/p>\n","protected":false},"author":9,"featured_media":0,"parent":0,"menu_order":0,"comment_status":"closed","ping_status":"closed","template":"","meta":{"_acf_changed":false,"om_disable_all_campaigns":false,"_monsterinsights_skip_tracking":false,"_monsterinsights_sitenote_active":false,"_monsterinsights_sitenote_note":"","_monsterinsights_sitenote_category":0,"_uf_show_specific_survey":0,"_uf_disable_surveys":false,"footnotes":""},"class_list":["post-3925","page","type-page","status-publish","hentry"],"acf":[],"yoast_head":"<!-- This site is optimized with the Yoast SEO plugin v27.5 - https:\/\/yoast.com\/product\/yoast-seo-wordpress\/ -->\n<title>\u00c0 propos - Ereb<\/title>\n<meta name=\"robots\" content=\"index, follow, max-snippet:-1, max-image-preview:large, max-video-preview:-1\" \/>\n<link rel=\"canonical\" href=\"https:\/\/ereb.eu\/fr\/a-propos\/\" \/>\n<meta property=\"og:locale\" content=\"fr_FR\" \/>\n<meta property=\"og:type\" content=\"article\" \/>\n<meta property=\"og:title\" content=\"\u00c0 propos - Ereb\" \/>\n<meta property=\"og:description\" content=\"Croiser les regards et relier les destins, redessiner l\u2019Europe depuis le terrain. ereb est le m\u00e9dia qui te plonge dans l\u2019intimit\u00e9 de notre continent. Pour explorer tous les recoins de ce nouveau monde, nous te proposons diff\u00e9rentes options : un grand reportage mensuel en mots et en photos, une newsletter tr\u00e8s personnelle toutes les deux [&hellip;]\" \/>\n<meta property=\"og:url\" content=\"https:\/\/ereb.eu\/fr\/a-propos\/\" \/>\n<meta property=\"og:site_name\" content=\"Ereb\" \/>\n<meta property=\"article:modified_time\" content=\"2024-06-06T17:14:58+00:00\" \/>\n<meta name=\"twitter:card\" content=\"summary_large_image\" \/>\n<meta name=\"twitter:label1\" content=\"Est. reading time\" \/>\n\t<meta name=\"twitter:data1\" content=\"5 minutes\" \/>\n<script type=\"application\/ld+json\" class=\"yoast-schema-graph\">{\"@context\":\"https:\\\/\\\/schema.org\",\"@graph\":[{\"@type\":\"WebPage\",\"@id\":\"https:\\\/\\\/ereb.eu\\\/fr\\\/a-propos\\\/\",\"url\":\"https:\\\/\\\/ereb.eu\\\/fr\\\/a-propos\\\/\",\"name\":\"\u00c0 propos - Ereb\",\"isPartOf\":{\"@id\":\"https:\\\/\\\/ereb.eu\\\/fr\\\/#website\"},\"datePublished\":\"2023-05-22T09:45:25+00:00\",\"dateModified\":\"2024-06-06T17:14:58+00:00\",\"breadcrumb\":{\"@id\":\"https:\\\/\\\/ereb.eu\\\/fr\\\/a-propos\\\/#breadcrumb\"},\"inLanguage\":\"fr-FR\",\"potentialAction\":[{\"@type\":\"ReadAction\",\"target\":[\"https:\\\/\\\/ereb.eu\\\/fr\\\/a-propos\\\/\"]}]},{\"@type\":\"BreadcrumbList\",\"@id\":\"https:\\\/\\\/ereb.eu\\\/fr\\\/a-propos\\\/#breadcrumb\",\"itemListElement\":[{\"@type\":\"ListItem\",\"position\":1,\"name\":\"Home\",\"item\":\"https:\\\/\\\/ereb.eu\\\/fr\\\/\"},{\"@type\":\"ListItem\",\"position\":2,\"name\":\"\u00c0 propos\"}]},{\"@type\":\"WebSite\",\"@id\":\"https:\\\/\\\/ereb.eu\\\/fr\\\/#website\",\"url\":\"https:\\\/\\\/ereb.eu\\\/fr\\\/\",\"name\":\"Ereb\",\"description\":\"\",\"potentialAction\":[{\"@type\":\"SearchAction\",\"target\":{\"@type\":\"EntryPoint\",\"urlTemplate\":\"https:\\\/\\\/ereb.eu\\\/fr\\\/?s={search_term_string}\"},\"query-input\":{\"@type\":\"PropertyValueSpecification\",\"valueRequired\":true,\"valueName\":\"search_term_string\"}}],\"inLanguage\":\"fr-FR\"}]}<\/script>\n<!-- \/ Yoast SEO plugin. -->","yoast_head_json":{"title":"\u00c0 propos - Ereb","robots":{"index":"index","follow":"follow","max-snippet":"max-snippet:-1","max-image-preview":"max-image-preview:large","max-video-preview":"max-video-preview:-1"},"canonical":"https:\/\/ereb.eu\/fr\/a-propos\/","og_locale":"fr_FR","og_type":"article","og_title":"\u00c0 propos - Ereb","og_description":"Croiser les regards et relier les destins, redessiner l\u2019Europe depuis le terrain. ereb est le m\u00e9dia qui te plonge dans l\u2019intimit\u00e9 de notre continent. Pour explorer tous les recoins de ce nouveau monde, nous te proposons diff\u00e9rentes options : un grand reportage mensuel en mots et en photos, une newsletter tr\u00e8s personnelle toutes les deux [&hellip;]","og_url":"https:\/\/ereb.eu\/fr\/a-propos\/","og_site_name":"Ereb","article_modified_time":"2024-06-06T17:14:58+00:00","twitter_card":"summary_large_image","twitter_misc":{"Est. reading time":"5 minutes"},"schema":{"@context":"https:\/\/schema.org","@graph":[{"@type":"WebPage","@id":"https:\/\/ereb.eu\/fr\/a-propos\/","url":"https:\/\/ereb.eu\/fr\/a-propos\/","name":"\u00c0 propos - Ereb","isPartOf":{"@id":"https:\/\/ereb.eu\/fr\/#website"},"datePublished":"2023-05-22T09:45:25+00:00","dateModified":"2024-06-06T17:14:58+00:00","breadcrumb":{"@id":"https:\/\/ereb.eu\/fr\/a-propos\/#breadcrumb"},"inLanguage":"fr-FR","potentialAction":[{"@type":"ReadAction","target":["https:\/\/ereb.eu\/fr\/a-propos\/"]}]},{"@type":"BreadcrumbList","@id":"https:\/\/ereb.eu\/fr\/a-propos\/#breadcrumb","itemListElement":[{"@type":"ListItem","position":1,"name":"Home","item":"https:\/\/ereb.eu\/fr\/"},{"@type":"ListItem","position":2,"name":"\u00c0 propos"}]},{"@type":"WebSite","@id":"https:\/\/ereb.eu\/fr\/#website","url":"https:\/\/ereb.eu\/fr\/","name":"Ereb","description":"","potentialAction":[{"@type":"SearchAction","target":{"@type":"EntryPoint","urlTemplate":"https:\/\/ereb.eu\/fr\/?s={search_term_string}"},"query-input":{"@type":"PropertyValueSpecification","valueRequired":true,"valueName":"search_term_string"}}],"inLanguage":"fr-FR"}]}},"_links":{"self":[{"href":"https:\/\/ereb.eu\/fr\/wp-json\/wp\/v2\/pages\/3925","targetHints":{"allow":["GET"]}}],"collection":[{"href":"https:\/\/ereb.eu\/fr\/wp-json\/wp\/v2\/pages"}],"about":[{"href":"https:\/\/ereb.eu\/fr\/wp-json\/wp\/v2\/types\/page"}],"author":[{"embeddable":true,"href":"https:\/\/ereb.eu\/fr\/wp-json\/wp\/v2\/users\/9"}],"replies":[{"embeddable":true,"href":"https:\/\/ereb.eu\/fr\/wp-json\/wp\/v2\/comments?post=3925"}],"version-history":[{"count":11,"href":"https:\/\/ereb.eu\/fr\/wp-json\/wp\/v2\/pages\/3925\/revisions"}],"predecessor-version":[{"id":5162,"href":"https:\/\/ereb.eu\/fr\/wp-json\/wp\/v2\/pages\/3925\/revisions\/5162"}],"wp:attachment":[{"href":"https:\/\/ereb.eu\/fr\/wp-json\/wp\/v2\/media?parent=3925"}],"curies":[{"name":"wp","href":"https:\/\/api.w.org\/{rel}","templated":true}]}}